{"id":77693,"date":"2022-11-19T15:11:00","date_gmt":"2022-11-19T14:11:00","guid":{"rendered":"https:\/\/themes.agripedia.ch\/?page_id=77693"},"modified":"2025-11-19T15:15:00","modified_gmt":"2025-11-19T14:15:00","slug":"protection-des-donnees","status":"publish","type":"page","link":"https:\/\/themes.agripedia.ch\/fr\/protection-des-donnees\/","title":{"rendered":"Protection des donn\u00e9es"},"content":{"rendered":"\n<h3 class=\"wp-block-heading\">D\u00e9claration de confidentialit\u00e9<\/h3>\n\n<p>En vertu de l&rsquo;article 13 de la Constitution f\u00e9d\u00e9rale suisse et des dispositions f\u00e9d\u00e9rales relatives \u00e0 la protection des donn\u00e9es (loi sur la protection des donn\u00e9es, LPD), toute personne a droit \u00e0 la protection de sa vie priv\u00e9e et \u00e0 la protection contre l&rsquo;utilisation abusive de ses donn\u00e9es personnelles. Nous respectons ces dispositions. Les donn\u00e9es personnelles sont trait\u00e9es de mani\u00e8re strictement confidentielle et ne sont ni vendues ni transmises \u00e0 des tiers. En \u00e9troite collaboration avec nos fournisseurs d&rsquo;h\u00e9bergement, nous nous effor\u00e7ons de prot\u00e9ger autant que possible les bases de donn\u00e9es contre les acc\u00e8s \u00e9trangers, les pertes, les abus ou les falsifications. Lorsque vous acc\u00e9dez \u00e0 nos pages web, les donn\u00e9es suivantes sont enregistr\u00e9es dans des fichiers journaux : Adresse IP, date, heure, demande de navigateur et informations g\u00e9n\u00e9rales transmises sur le syst\u00e8me d&rsquo;exploitation ou le navigateur. Ces donn\u00e9es d&rsquo;utilisation constituent la base d&rsquo;\u00e9valuations statistiques anonymes, de sorte que des tendances peuvent \u00eatre identifi\u00e9es, sur la base desquelles nous pouvons am\u00e9liorer nos offres en cons\u00e9quence.       <\/p>\n\n<h4 class=\"wp-block-heading\"><strong>Fournisseur et entit\u00e9 responsable au sens de la loi sur la protection des donn\u00e9es<\/strong><\/h4>\n\n<p>AGRIDEA<br\/>Eschikon 28<br\/>8315 Lindau ZH<\/p>\n\n<p><strong>Champ d&rsquo;application<\/strong><\/p>\n\n<p>Les utilisateurs re\u00e7oivent avec cette d\u00e9claration de protection des donn\u00e9es des informations sur la nature, l&rsquo;\u00e9tendue et le but de la collecte et de l&rsquo;utilisation de leurs donn\u00e9es par le fournisseur responsable sont collect\u00e9es et utilis\u00e9es.<\/p>\n\n<p>Le cadre juridique de la protection des donn\u00e9es est constitu\u00e9 par la loi f\u00e9d\u00e9rale allemande sur la protection des donn\u00e9es (BDSG) et la loi allemande sur les t\u00e9l\u00e9m\u00e9dias (TMG).<\/p>\n\n<h4 class=\"wp-block-heading\"><strong>Collecte d&rsquo;informations g\u00e9n\u00e9rales<\/strong><\/h4>\n\n<p>Chaque fois que vous acc\u00e9dez \u00e0 ce site, des informations sont automatiquement collect\u00e9es par nous ou par le fournisseur d&rsquo;espace web. Ces informations, \u00e9galement appel\u00e9es fichiers journaux du serveur, sont de nature g\u00e9n\u00e9rale et ne permettent pas de tirer des conclusions sur votre personne. <\/p>\n\n<p>Les donn\u00e9es collect\u00e9es incluent : Le nom de la page web, le fichier, la date, la quantit\u00e9 de donn\u00e9es, le navigateur web et la version du navigateur web, le syst\u00e8me d&rsquo;exploitation, le nom de domaine de votre fournisseur d&rsquo;acc\u00e8s Internet, l&rsquo;URL de r\u00e9f\u00e9rence (la page \u00e0 partir de laquelle vous avez acc\u00e9d\u00e9 \u00e0 notre offre) et l&rsquo;adresse IP.<\/p>\n\n<p>Sans ces donn\u00e9es, il serait techniquement impossible de fournir et d&rsquo;afficher le contenu du site web. Dans ce sens, la collecte des donn\u00e9es est absolument n\u00e9cessaire. En outre, nous utilisons les informations anonymes \u00e0 des fins statistiques. Elles nous aident \u00e0 optimiser l&rsquo;offre et la technique. Nous nous r\u00e9servons \u00e9galement le droit de contr\u00f4ler ult\u00e9rieurement les fichiers journaux en cas de suspicion d&rsquo;utilisation ill\u00e9gale de notre offre.    <\/p>\n\n<h4 class=\"wp-block-heading\"><strong>Bulletin d&rsquo;information<\/strong><\/h4>\n\n<p>Si vous vous inscrivez \u00e0 notre newsletter, nous utiliserons les donn\u00e9es que vous avez fournies uniquement \u00e0 cette fin ou pour vous informer des circonstances pertinentes pour ce service ou cette inscription. Nous ne transmettons pas ces donn\u00e9es \u00e0 des tiers. <\/p>\n\n<p>Une adresse e-mail valide est n\u00e9cessaire pour recevoir la newsletter. L&rsquo;adresse IP avec laquelle vous vous inscrivez \u00e0 la newsletter et la date \u00e0 laquelle vous vous abonnez \u00e0 la newsletter sont \u00e9galement stock\u00e9es. Ces donn\u00e9es nous servent de preuve en cas d&rsquo;abus, si une adresse e-mail \u00e9trang\u00e8re est inscrite \u00e0 la newsletter. Pour garantir en outre qu&rsquo;une adresse e-mail ne soit pas inscrite abusivement par des tiers dans notre liste de diffusion, nous travaillons conform\u00e9ment \u00e0 la loi avec la proc\u00e9dure dite de \u00ab\u00a0double opt-in\u00a0\u00bb. Dans le cadre de cette proc\u00e9dure, la commande de la newsletter, l&rsquo;envoi de l&rsquo;e-mail de confirmation et la r\u00e9ception de la confirmation d&rsquo;inscription sont consign\u00e9s.    <\/p>\n\n<p>Vous avez la possibilit\u00e9 de r\u00e9voquer \u00e0 tout moment votre consentement au stockage des donn\u00e9es, de votre adresse e-mail et de leur utilisation pour l&rsquo;envoi de la newsletter. Nous mettons \u00e0 votre disposition un lien dans chaque newsletter et sur le site web pour vous permettre de vous r\u00e9tracter. Vous avez \u00e9galement la possibilit\u00e9 de nous faire part de votre souhait de vous r\u00e9tracter en utilisant les moyens de contact mentionn\u00e9s dans ce document.  <\/p>\n\n<h4 class=\"wp-block-heading\"><strong>Formulaire de contact<\/strong><\/h4>\n\n<p>Si vous nous contactez via le formulaire en ligne ou par e-mail, nous enregistrons les informations que vous avez fournies afin de pouvoir r\u00e9pondre \u00e0 votre demande et poser d&rsquo;\u00e9ventuelles questions de suivi.<\/p>\n\n<h4 class=\"wp-block-heading\"><strong>Int\u00e9gration de services et de contenus de tiers<\/strong><\/h4>\n\n<p>Notre offre comprend parfois des contenus, des services et des prestations d&rsquo;autres fournisseurs. Il s&rsquo;agit par exemple de cartes mises \u00e0 disposition par Google-Maps, de vid\u00e9os de YouTube ainsi que de graphiques et d&rsquo;images d&rsquo;autres sites web. Pour que ces donn\u00e9es puissent \u00eatre appel\u00e9es et affich\u00e9es dans le navigateur de l&rsquo;utilisateur, la transmission de l&rsquo;adresse IP est imp\u00e9rative. Les fournisseurs (ci-apr\u00e8s d\u00e9nomm\u00e9s \u00ab\u00a0fournisseurs tiers\u00a0\u00bb) prennent donc connaissance de l&rsquo;adresse IP de l&rsquo;utilisateur concern\u00e9.   <\/p>\n\n<p>M\u00eame si nous nous effor\u00e7ons de n&rsquo;utiliser que des fournisseurs tiers qui n&rsquo;ont besoin de l&rsquo;adresse IP que pour pouvoir livrer des contenus, nous n&rsquo;avons aucune influence sur le fait que l&rsquo;adresse IP soit \u00e9ventuellement enregistr\u00e9e. Dans ce cas, ce processus sert entre autres \u00e0 des fins statistiques. Si nous avons connaissance du fait que l&rsquo;adresse IP est enregistr\u00e9e, nous en informons nos utilisateurs.  <\/p>\n\n<h4 class=\"wp-block-heading\"><strong>Cookies<\/strong><\/h4>\n\n<p>Ce site web utilise des \u00ab\u00a0cookies\u00a0\u00bb. Il s&rsquo;agit de fichiers texte qui sont enregistr\u00e9s sur votre ordinateur \u00e0 partir du serveur. Ils contiennent des informations sur le navigateur, l&rsquo;adresse IP, le syst\u00e8me d&rsquo;exploitation et la connexion Internet. Nous ne transmettons pas ces informations \u00e0 des tiers et nous ne les associons pas \u00e0 des donn\u00e9es personnelles sans leur consentement.   <\/p>\n\n<p>Les cookies remplissent principalement deux fonctions. Ils nous aident \u00e0 faciliter votre navigation dans notre offre et permettent d&rsquo;afficher correctement le site web. Ils ne sont pas utilis\u00e9s pour introduire des virus ou lancer des programmes.  <\/p>\n\n<p>Les utilisateurs ont \u00e9galement la possibilit\u00e9 d&rsquo;acc\u00e9der \u00e0 notre offre sans cookies. Pour cela, il faut modifier les param\u00e8tres correspondants dans le navigateur. Veuillez consulter la fonction d&rsquo;aide de votre navigateur pour savoir comment d\u00e9sactiver les cookies. Nous attirons toutefois votre attention sur le fait que certaines fonctions de ce site web peuvent s&rsquo;en trouver affect\u00e9es et que votre confort d&rsquo;utilisation s&rsquo;en trouvera r\u00e9duit. Les sites <a href=\"http:\/\/www.aboutads.info\/choices\/\">http:\/\/www.aboutads.info\/choices\/<\/a> (\u00c9tats-Unis) et <a href=\"http:\/\/www.youronlinechoices.com\/uk\/your-ad-choices\/\">http:\/\/www.youronlinechoices.com\/uk\/your-ad-choices\/<\/a> (Europe) vous permettent de g\u00e9rer les cookies d&rsquo;annonces en ligne.    <\/p>\n\n<h4 class=\"wp-block-heading\"><strong>Utilisation de Google Analytics<\/strong><\/h4>\n\n<p>Ce site utilise Google Analytics, un service d&rsquo;analyse de site internet fourni par Google Inc (\u00ab\u00a0Google\u00a0\u00bb). Google Analytics utilise des \u00ab\u00a0cookies\u00a0\u00bb, des fichiers texte qui sont stock\u00e9s sur votre ordinateur et qui permettent d&rsquo;analyser votre utilisation du site web. Les informations g\u00e9n\u00e9r\u00e9es par le cookie concernant votre utilisation de ce site web sont g\u00e9n\u00e9ralement transmises \u00e0 un serveur de Google aux \u00c9tats-Unis et y sont enregistr\u00e9es. Toutefois, en raison de l&rsquo;activation de l&rsquo;anonymisation IP sur ces pages web, votre adresse IP sera pr\u00e9alablement abr\u00e9g\u00e9e par Google dans les \u00c9tats membres de l&rsquo;Union europ\u00e9enne ou dans d&rsquo;autres \u00c9tats signataires de l&rsquo;accord sur l&rsquo;Espace \u00e9conomique europ\u00e9en. Ce n&rsquo;est que dans des cas exceptionnels que l&rsquo;adresse IP compl\u00e8te est transmise \u00e0 un serveur de Google aux \u00c9tats-Unis et y est abr\u00e9g\u00e9e.     <\/p>\n\n<p>Google utilisera ces informations pour le compte de l&rsquo;exploitant de ce site web afin d&rsquo;\u00e9valuer votre utilisation du site web, de compiler des rapports sur l&rsquo;activit\u00e9 du site web et de fournir \u00e0 l&rsquo;exploitant du site web d&rsquo;autres services li\u00e9s \u00e0 l&rsquo;activit\u00e9 du site web et \u00e0 l&rsquo;utilisation d&rsquo;Internet. L&rsquo;adresse IP transmise par votre navigateur dans le cadre de Google Analytics ne sera pas recoup\u00e9e avec d&rsquo;autres donn\u00e9es de Google. Vous pouvez emp\u00eacher l&rsquo;enregistrement des cookies en configurant votre logiciel de navigation en cons\u00e9quence. Nous attirons toutefois votre attention sur le fait que, dans ce cas, vous ne pourrez peut-\u00eatre pas utiliser toutes les fonctions de ce site web dans leur int\u00e9gralit\u00e9.   <\/p>\n\n<p>Vous pouvez en outre emp\u00eacher la saisie par Google des donn\u00e9es g\u00e9n\u00e9r\u00e9es par le cookie et relatives \u00e0 votre utilisation du site web (y compris votre adresse IP) ainsi que le traitement de ces donn\u00e9es par Google en t\u00e9l\u00e9chargeant et en installant le plug-in de navigateur disponible sous le lien suivant : <a href=\"http:\/\/tools.google.com\/dlpage\/gaoptout?hl=de\">Browser Add On pour la d\u00e9sactivation de Google Analytics<\/a>.<\/p>\n\n<p>Vous trouverez de plus amples informations sur les conditions d&rsquo;utilisation et la protection des donn\u00e9es sur <a href=\"http:\/\/www.google.com\/analytics\/terms\/de.html\">http:\/\/www.google.com\/analytics\/terms\/de.html<\/a> ou sur <a href=\"https:\/\/www.google.de\/intl\/de\/policies\/\">https:\/\/www.google.de\/intl\/de\/policies\/<\/a>.<\/p>\n\n<h4 class=\"wp-block-heading\"><strong>Plug-in social Facebook<\/strong><\/h4>\n\n<p>Nous int\u00e9grons sur nos pages web des plug-ins du r\u00e9seau social Facebook (adresse : 1601 South California Avenue, Palo Alto, CA 94304, USA). Vous pouvez reconna\u00eetre les plug-ins &#8211; dont vous trouverez un aper\u00e7u ici <a href=\"https:\/\/developers.facebook.com\/docs\/plugins\/\">:<\/a> https:\/\/developers.facebook.com\/docs\/Plug-ins\/ &#8211; au bouton Like (J&rsquo;aime) ou au logo de Facebook. <\/p>\n\n<p>Si vous consultez l&rsquo;une de nos pages web avec un plug-in Facebook, une connexion directe avec Facebook est \u00e9tablie. Nous n&rsquo;avons aucune influence sur le type et l&rsquo;\u00e9tendue des donn\u00e9es qui sont alors collect\u00e9es, stock\u00e9es et trait\u00e9es par Facebook. Nous ne pouvons que vous informer en fonction de notre niveau de connaissance.  <\/p>\n\n<p>Facebook est inform\u00e9 par le plug-in que vous avez consult\u00e9 la page web correspondante de notre offre. Cela s&rsquo;applique \u00e9galement aux utilisateurs qui ne sont pas inscrits sur Facebook. Dans ce cas, il est possible que Facebook enregistre l&rsquo;adresse IP.  <\/p>\n\n<p>Si vous \u00eates membre de Facebook et connect\u00e9, la consultation d&rsquo;une page web avec un plug-in Facebook peut \u00eatre clairement attribu\u00e9e \u00e0 votre compte utilisateur sur Facebook. En outre, les plug-ins transmettent toutes les interactions, par exemple lorsque vous utilisez le bouton Like ou laissez un commentaire. <\/p>\n\n<p>Pour emp\u00eacher Facebook d&rsquo;enregistrer des donn\u00e9es vous concernant, veuillez vous d\u00e9connecter de Facebook avant de visiter nos pages web. Vous pouvez en outre bloquer les plug-ins \u00e0 l&rsquo;aide de modules compl\u00e9mentaires pour votre navigateur (par exemple \u00ab\u00a0Facebook Blocker\u00a0\u00bb). <\/p>\n\n<p>Pour plus d&rsquo;informations sur la politique de confidentialit\u00e9, l&rsquo;objectif et l&rsquo;\u00e9tendue de la collecte et du traitement des donn\u00e9es, ainsi que sur les options de configuration pour la protection de la vie priv\u00e9e sur Facebook, veuillez cliquer ici : http:\/\/www.facebook.com\/privacy\/explanation.php.<\/p>\n\n<h4 class=\"wp-block-heading\"><strong>Minimisation des donn\u00e9es<\/strong><\/h4>\n\n<p>Conform\u00e9ment aux principes de pr\u00e9vention et d&rsquo;\u00e9conomie des donn\u00e9es, nous ne conservons les donn\u00e9es \u00e0 caract\u00e8re personnel qu&rsquo;aussi longtemps que cela est n\u00e9cessaire ou prescrit par le l\u00e9gislateur (dur\u00e9e de conservation l\u00e9gale). Si l&rsquo;objectif des informations collect\u00e9es n&rsquo;est plus valable ou si la p\u00e9riode de stockage prend fin, nous bloquons ou supprimons les donn\u00e9es. <\/p>\n\n<h4 class=\"wp-block-heading\"><strong>Vos droits d&rsquo;acc\u00e8s, de rectification, de blocage, d&rsquo;effacement et d&rsquo;opposition<\/strong><\/h4>\n\n<p>Vous avez le droit de demander gratuitement des informations sur les donn\u00e9es personnelles que nous avons enregistr\u00e9es et\/ou de demander leur rectification, leur blocage ou leur suppression. Exceptions : Il s&rsquo;agit de la conservation des donn\u00e9es prescrite pour le traitement des affaires ou les donn\u00e9es sont soumises \u00e0 une obligation l\u00e9gale de conservation. <\/p>\n\n<p>\u00c0 ces fins, veuillez contacter notre responsable de la protection des donn\u00e9es (coordonn\u00e9es : \u00e0 la fin de la d\u00e9claration de confidentialit\u00e9).<\/p>\n\n<p>Afin de pouvoir prendre en compte \u00e0 tout moment un blocage de donn\u00e9es, il est n\u00e9cessaire de conserver les donn\u00e9es dans un fichier de blocage \u00e0 des fins de contr\u00f4le. S&rsquo;il n&rsquo;existe aucune obligation l\u00e9gale d&rsquo;archivage, vous pouvez \u00e9galement demander la suppression des donn\u00e9es. Dans le cas contraire, nous bloquons les donn\u00e9es si vous le souhaitez.  <\/p>\n\n<h4 class=\"wp-block-heading\"><strong>Modification de notre politique de confidentialit\u00e9<\/strong><\/h4>\n\n<p>Nous nous r\u00e9servons le droit de modifier \u00e0 tout moment notre d\u00e9claration de confidentialit\u00e9 afin de garantir qu&rsquo;elle soit toujours conforme aux dispositions l\u00e9gales en vigueur. Cela vaut \u00e9galement pour le cas o\u00f9 la d\u00e9claration de protection des donn\u00e9es doit \u00eatre adapt\u00e9e en raison de prestations nouvelles ou r\u00e9vis\u00e9es, par exemple de nouvelles prestations de service. La nouvelle d\u00e9claration de confidentialit\u00e9 s&rsquo;appliquera alors lors de votre prochaine visite sur notre site.  <\/p>\n","protected":false},"excerpt":{"rendered":"<p>D\u00e9claration de confidentialit\u00e9 En vertu de l&rsquo;article 13 de la Constitution f\u00e9d\u00e9rale suisse et des dispositions f\u00e9d\u00e9rales relatives \u00e0 la protection des donn\u00e9es (loi sur la protection des donn\u00e9es, LPD), toute personne a droit \u00e0 la protection de sa vie priv\u00e9e et \u00e0 la protection contre l&rsquo;utilisation abusive de ses donn\u00e9es personnelles. Nous respectons ces [&hellip;]<\/p>\n","protected":false},"author":1,"featured_media":0,"parent":0,"menu_order":0,"comment_status":"closed","ping_status":"closed","template":"","meta":{"_acf_changed":false,"_autodraft_ids":[],"advgb_blocks_editor_width":"","advgb_blocks_columns_visual_guide":"","_monsterinsights_skip_tracking":false,"_monsterinsights_sitenote_active":false,"_monsterinsights_sitenote_note":"","_monsterinsights_sitenote_category":0,"ngg_post_thumbnail":0,"_sb_is_suggestion_mode":false,"_sb_show_suggestion_boards":false,"_sb_show_comment_boards":false,"_sb_suggestion_history":"","_sb_update_block_changes":"","_is_real_time_mode":false,"_realtime_collaborators":"","footnotes":"","cf_checklist_status":["SEO Title Length","External Links","Alt Text for All Images"]},"series":[],"class_list":["post-77693","page","type-page","status-publish","hentry"],"pp_statuses_selecting_workflow":false,"pp_workflow_action":"current","pp_status_selection":"publish","acf":[],"coauthors":[{"link":"https:\/\/themes.agripedia.ch\/fr\/author\/wp_tag\/","display_name":"Agripedia"}],"author_meta":{"author_link":"https:\/\/themes.agripedia.ch\/fr\/author\/wp_tag\/","display_name":"Agripedia"},"relative_dates":{"created":"Publi\u00e9 3 ans il y a","modified":"Mis \u00e0 jour 6 mois il y a"},"absolute_dates":{"created":"Publi\u00e9 le 19.11.2022","modified":"Mise \u00e0 jour le 19.11.2025"},"absolute_dates_time":{"created":"Publi\u00e9 le 19.11.2022 3:11 pm","modified":"Mise \u00e0 jour le 19.11.2025 3:15 pm"},"featured_img_caption":"","featured_img":false,"series_order":null,"_links":{"self":[{"href":"https:\/\/themes.agripedia.ch\/fr\/wp-json\/wp\/v2\/pages\/77693","targetHints":{"allow":["GET"]}}],"collection":[{"href":"https:\/\/themes.agripedia.ch\/fr\/wp-json\/wp\/v2\/pages"}],"about":[{"href":"https:\/\/themes.agripedia.ch\/fr\/wp-json\/wp\/v2\/types\/page"}],"author":[{"embeddable":true,"href":"https:\/\/themes.agripedia.ch\/fr\/wp-json\/wp\/v2\/users\/1"}],"replies":[{"embeddable":true,"href":"https:\/\/themes.agripedia.ch\/fr\/wp-json\/wp\/v2\/comments?post=77693"}],"version-history":[{"count":0,"href":"https:\/\/themes.agripedia.ch\/fr\/wp-json\/wp\/v2\/pages\/77693\/revisions"}],"wp:attachment":[{"href":"https:\/\/themes.agripedia.ch\/fr\/wp-json\/wp\/v2\/media?parent=77693"}],"wp:term":[{"taxonomy":"series","embeddable":true,"href":"https:\/\/themes.agripedia.ch\/fr\/wp-json\/wp\/v2\/series?post=77693"}],"curies":[{"name":"wp","href":"https:\/\/api.w.org\/{rel}","templated":true}]}}