{"id":30271,"date":"2021-09-24T07:32:17","date_gmt":"2021-09-24T07:32:17","guid":{"rendered":"https:\/\/themes.agripedia.ch\/themen\/"},"modified":"2022-06-20T14:02:33","modified_gmt":"2022-06-20T12:02:33","slug":"themen","status":"publish","type":"page","link":"https:\/\/themes.agripedia.ch\/fr\/themen\/","title":{"rendered":"Th\u00e8mes"},"content":{"rendered":"","protected":false},"excerpt":{"rendered":"","protected":false},"author":1,"featured_media":0,"parent":0,"menu_order":0,"comment_status":"closed","ping_status":"closed","template":"","meta":{"_acf_changed":false,"_autodraft_ids":[],"advgb_blocks_editor_width":"","advgb_blocks_columns_visual_guide":"","_monsterinsights_skip_tracking":false,"_monsterinsights_sitenote_active":false,"_monsterinsights_sitenote_note":"","_monsterinsights_sitenote_category":0,"ngg_post_thumbnail":0,"_sb_is_suggestion_mode":false,"_sb_show_suggestion_boards":false,"_sb_show_comment_boards":false,"_sb_suggestion_history":"","_sb_update_block_changes":"","_is_real_time_mode":false,"_realtime_collaborators":"","footnotes":"","cf_checklist_status":[]},"series":[],"class_list":["post-30271","page","type-page","status-publish","hentry"],"pp_statuses_selecting_workflow":false,"pp_workflow_action":"current","pp_status_selection":"publish","acf":[],"coauthors":[{"link":"https:\/\/themes.agripedia.ch\/fr\/author\/wp_tag\/","display_name":"Agripedia"}],"author_meta":{"author_link":"https:\/\/themes.agripedia.ch\/fr\/author\/wp_tag\/","display_name":"Agripedia"},"relative_dates":{"created":"Publi\u00e9 5 ans il y a","modified":"Mis \u00e0 jour 4 ans il y a"},"absolute_dates":{"created":"Publi\u00e9 le 24.09.2021","modified":"Mise \u00e0 jour le 20.06.2022"},"absolute_dates_time":{"created":"Publi\u00e9 le 24.09.2021 7:32 am","modified":"Mise \u00e0 jour le 20.06.2022 2:02 pm"},"featured_img_caption":"","featured_img":false,"series_order":null,"_links":{"self":[{"href":"https:\/\/themes.agripedia.ch\/fr\/wp-json\/wp\/v2\/pages\/30271","targetHints":{"allow":["GET"]}}],"collection":[{"href":"https:\/\/themes.agripedia.ch\/fr\/wp-json\/wp\/v2\/pages"}],"about":[{"href":"https:\/\/themes.agripedia.ch\/fr\/wp-json\/wp\/v2\/types\/page"}],"author":[{"embeddable":true,"href":"https:\/\/themes.agripedia.ch\/fr\/wp-json\/wp\/v2\/users\/1"}],"replies":[{"embeddable":true,"href":"https:\/\/themes.agripedia.ch\/fr\/wp-json\/wp\/v2\/comments?post=30271"}],"version-history":[{"count":0,"href":"https:\/\/themes.agripedia.ch\/fr\/wp-json\/wp\/v2\/pages\/30271\/revisions"}],"wp:attachment":[{"href":"https:\/\/themes.agripedia.ch\/fr\/wp-json\/wp\/v2\/media?parent=30271"}],"wp:term":[{"taxonomy":"series","embeddable":true,"href":"https:\/\/themes.agripedia.ch\/fr\/wp-json\/wp\/v2\/series?post=30271"}],"curies":[{"name":"wp","href":"https:\/\/api.w.org\/{rel}","templated":true}]}}