{"id":30255,"date":"2021-09-24T04:15:30","date_gmt":"2021-09-24T02:15:30","guid":{"rendered":"http:\/\/sp1hdatepl.preview.infomaniak.website\/agripedia-testing?page_id=30255"},"modified":"2026-01-13T13:27:28","modified_gmt":"2026-01-13T12:27:28","slug":"agripedia-home","status":"publish","type":"page","link":"https:\/\/themes.agripedia.ch\/fr\/","title":{"rendered":"Agripedia"},"content":{"rendered":"\n<figure class=\"wp-block-image aligncenter size-full\"><img loading=\"lazy\" decoding=\"async\" width=\"412\" height=\"140\" src=\"https:\/\/themes.agripedia.ch\/wp-content\/uploads\/2021\/10\/agripedia_logo_140px.png\" alt=\"agripedia logo\" class=\"wp-image-28909\" srcset=\"https:\/\/themes.agripedia.ch\/wp-content\/uploads\/2021\/10\/agripedia_logo_140px.png 412w, https:\/\/themes.agripedia.ch\/wp-content\/uploads\/2021\/10\/agripedia_logo_140px-300x102.png 300w\" sizes=\"auto, (max-width: 412px) 100vw, 412px\" \/><\/figure>\n\n\n\n<form role=\"search\" method=\"get\" action=\"https:\/\/themes.agripedia.ch\/fr\/\" class=\"wp-block-search__button-outside wp-block-search__text-button wp-block-search\"><label class=\"wp-block-search__label\" for=\"wp-block-search__input-2\">Parcourir tous les articles :<\/label><div class=\"wp-block-search__inside-wrapper\"><input class=\"wp-block-search__input\" id=\"wp-block-search__input-2\" placeholder=\"Recherche dans Agripedia par mot-cl\u00e9\" value=\"\" type=\"search\" name=\"s\" required=\"\"><button aria-label=\"Rechercher\" class=\"wp-block-search__button wp-element-button\" type=\"submit\">Rechercher<\/button><\/div><\/form>\n\n\n","protected":false},"excerpt":{"rendered":"<p>Parcourir tous les articles : Rechercher<\/p>\n","protected":false},"author":1,"featured_media":0,"parent":0,"menu_order":-999,"comment_status":"closed","ping_status":"closed","template":"","meta":{"_acf_changed":false,"_autodraft_ids":[],"advgb_blocks_editor_width":"","advgb_blocks_columns_visual_guide":"","_monsterinsights_skip_tracking":false,"_monsterinsights_sitenote_active":false,"_monsterinsights_sitenote_note":"","_monsterinsights_sitenote_category":0,"ngg_post_thumbnail":0,"_sb_is_suggestion_mode":false,"_sb_show_suggestion_boards":false,"_sb_show_comment_boards":false,"_sb_suggestion_history":"","_sb_update_block_changes":"","_is_real_time_mode":false,"_realtime_collaborators":"","footnotes":"","cf_checklist_status":["Alt Text for All Images"]},"series":[],"class_list":["post-30255","page","type-page","status-publish","hentry"],"pp_statuses_selecting_workflow":false,"pp_workflow_action":"current","pp_status_selection":"publish","acf":[],"coauthors":[{"link":"https:\/\/themes.agripedia.ch\/fr\/author\/wp_tag\/","display_name":"Agripedia"}],"author_meta":{"author_link":"https:\/\/themes.agripedia.ch\/fr\/author\/wp_tag\/","display_name":"Agripedia"},"relative_dates":{"created":"Publi\u00e9 5 ans il y a","modified":"Mis \u00e0 jour 4 mois il y a"},"absolute_dates":{"created":"Publi\u00e9 le 24.09.2021","modified":"Mise \u00e0 jour le 13.01.2026"},"absolute_dates_time":{"created":"Publi\u00e9 le 24.09.2021 4:15 am","modified":"Mise \u00e0 jour le 13.01.2026 1:27 pm"},"featured_img_caption":"","featured_img":false,"series_order":null,"_links":{"self":[{"href":"https:\/\/themes.agripedia.ch\/fr\/wp-json\/wp\/v2\/pages\/30255","targetHints":{"allow":["GET"]}}],"collection":[{"href":"https:\/\/themes.agripedia.ch\/fr\/wp-json\/wp\/v2\/pages"}],"about":[{"href":"https:\/\/themes.agripedia.ch\/fr\/wp-json\/wp\/v2\/types\/page"}],"author":[{"embeddable":true,"href":"https:\/\/themes.agripedia.ch\/fr\/wp-json\/wp\/v2\/users\/1"}],"replies":[{"embeddable":true,"href":"https:\/\/themes.agripedia.ch\/fr\/wp-json\/wp\/v2\/comments?post=30255"}],"version-history":[{"count":4,"href":"https:\/\/themes.agripedia.ch\/fr\/wp-json\/wp\/v2\/pages\/30255\/revisions"}],"predecessor-version":[{"id":79137,"href":"https:\/\/themes.agripedia.ch\/fr\/wp-json\/wp\/v2\/pages\/30255\/revisions\/79137"}],"wp:attachment":[{"href":"https:\/\/themes.agripedia.ch\/fr\/wp-json\/wp\/v2\/media?parent=30255"}],"wp:term":[{"taxonomy":"series","embeddable":true,"href":"https:\/\/themes.agripedia.ch\/fr\/wp-json\/wp\/v2\/series?post=30255"}],"curies":[{"name":"wp","href":"https:\/\/api.w.org\/{rel}","templated":true}]}}